{"id":20313,"date":"2020-06-10T15:23:29","date_gmt":"2020-06-10T13:23:29","guid":{"rendered":"https:\/\/www.ester-erik.dk\/shop\/candlestick\/"},"modified":"2025-11-17T18:08:17","modified_gmt":"2025-11-17T17:08:17","slug":"candle-holders","status":"publish","type":"product","link":"https:\/\/www.ester-erik.dk\/en\/shop\/candle-holders\/","title":{"rendered":"Candle holders"},"excerpt":{"rendered":"<h2>Elegant candle holders<\/h2>\n<p class=\"p1\">Designed by Erik for his and Ester\u2019s silver wedding anniversary, our classic, stylish candle holder has since become one of our best-selling accessories. Size medium holds both <a href=\"https:\/\/www.ester-erik.dk\/en\/shop\/taper-candles\/\">taper candles<\/a> and <a href=\"https:\/\/www.ester-erik.dk\/en\/shop\/cylindrical-candles\/\">cylindrical candles<\/a> and size small can be used with our <a href=\"https:\/\/www.ester-erik.dk\/en\/shop\/slim-candles\/\">slim candles<\/a>.<span class=\"Apple-converted-space\">\u00a0<\/span><\/p>\n<p>As surface treatment we use PVD on our accessories. PVD treatment is a new environment friendly way to coat metals and at the same time increases the quality and finish. The surface treatment has mainly been used for high-end watches,\u00a0<span lang=\"EN-US\">but now this exclusive<\/span><span lang=\"EN-US\">\u00a0treatment\u00a0<\/span><span lang=\"EN-US\">has<\/span>\u00a0<span lang=\"EN-US\">also been made<\/span><span lang=\"EN-US\">\u00a0possible for interior products.<\/span><\/p>\n","protected":false},"featured_media":111621,"template":"","meta":{"_acf_changed":false},"product_brand":[],"product_cat":[622,417],"class_list":{"0":"post-20313","1":"product","2":"type-product","3":"status-publish","4":"has-post-thumbnail","6":"product_cat-farvede-lys-en","7":"product_cat-uncategorized-en","8":"pa_overflade-matt-en","9":"pa_overflade-shiny","10":"pa_stoerrelse-medium-taper-candles-eur","11":"pa_stoerrelse-small-slim-candles-eur","13":"first","14":"instock","15":"taxable","16":"shipping-taxable","17":"purchasable","18":"product-type-variable"},"acf":[],"yoast_head":"<!-- This site is optimized with the Yoast SEO plugin v27.5 - https:\/\/yoast.com\/product\/yoast-seo-wordpress\/ -->\n<title>Lysestager | Stager i guld, s\u00f8lv, sort og rosa guld \u2013 ester &amp; erik<\/title>\n<meta name=\"description\" content=\"Vores lysestager har et elegant design og kan f\u00e5s i farverne guld, s\u00f8lv, rosa guld og sort. H\u00f8j kvalitet og smukt, stilrent design.\" \/>\n<meta name=\"robots\" content=\"index, follow, max-snippet:-1, max-image-preview:large, max-video-preview:-1\" \/>\n<link rel=\"canonical\" href=\"https:\/\/www.ester-erik.dk\/en\/shop\/candle-holders\/\" \/>\n<meta property=\"og:locale\" content=\"en_US\" \/>\n<meta property=\"og:type\" content=\"article\" \/>\n<meta property=\"og:title\" content=\"Lysestager | Stager i guld, s\u00f8lv, sort og rosa guld \u2013 ester &amp; erik\" \/>\n<meta property=\"og:description\" content=\"Vores lysestager har et elegant design og kan f\u00e5s i farverne guld, s\u00f8lv, rosa guld og sort. H\u00f8j kvalitet og smukt, stilrent design.\" \/>\n<meta property=\"og:url\" content=\"https:\/\/www.ester-erik.dk\/en\/shop\/candle-holders\/\" \/>\n<meta property=\"og:site_name\" content=\"Ester &amp; Erik\" \/>\n<meta property=\"article:publisher\" content=\"https:\/\/www.facebook.com\/estererik\/\" \/>\n<meta property=\"article:modified_time\" content=\"2025-11-17T17:08:17+00:00\" \/>\n<meta property=\"og:image\" content=\"https:\/\/www.ester-erik.dk\/wp-content\/uploads\/2025\/02\/Billeder_til_menu_februar202512-scaled.jpg\" \/>\n\t<meta property=\"og:image:width\" content=\"1697\" \/>\n\t<meta property=\"og:image:height\" content=\"2560\" \/>\n\t<meta property=\"og:image:type\" content=\"image\/jpeg\" \/>\n<meta name=\"twitter:card\" content=\"summary_large_image\" \/>\n<meta name=\"twitter:label1\" content=\"Est. reading time\" \/>\n\t<meta name=\"twitter:data1\" content=\"1 minute\" \/>\n<script type=\"application\/ld+json\" class=\"yoast-schema-graph\">{\"@context\":\"https:\\\/\\\/schema.org\",\"@graph\":[{\"@type\":\"WebPage\",\"@id\":\"https:\\\/\\\/www.ester-erik.dk\\\/en\\\/shop\\\/candle-holders\\\/\",\"url\":\"https:\\\/\\\/www.ester-erik.dk\\\/en\\\/shop\\\/candle-holders\\\/\",\"name\":\"Lysestager | Stager i guld, s\u00f8lv, sort og rosa guld \u2013 ester & erik\",\"isPartOf\":{\"@id\":\"https:\\\/\\\/www.ester-erik.dk\\\/en\\\/#website\"},\"primaryImageOfPage\":{\"@id\":\"https:\\\/\\\/www.ester-erik.dk\\\/en\\\/shop\\\/candle-holders\\\/#primaryimage\"},\"image\":{\"@id\":\"https:\\\/\\\/www.ester-erik.dk\\\/en\\\/shop\\\/candle-holders\\\/#primaryimage\"},\"thumbnailUrl\":\"https:\\\/\\\/www.ester-erik.dk\\\/wp-content\\\/uploads\\\/2025\\\/02\\\/Billeder_til_menu_februar202512-scaled.jpg\",\"datePublished\":\"2020-06-10T13:23:29+00:00\",\"dateModified\":\"2025-11-17T17:08:17+00:00\",\"description\":\"Vores lysestager har et elegant design og kan f\u00e5s i farverne guld, s\u00f8lv, rosa guld og sort. H\u00f8j kvalitet og smukt, stilrent design.\",\"breadcrumb\":{\"@id\":\"https:\\\/\\\/www.ester-erik.dk\\\/en\\\/shop\\\/candle-holders\\\/#breadcrumb\"},\"inLanguage\":\"en-US\",\"potentialAction\":[{\"@type\":\"ReadAction\",\"target\":[\"https:\\\/\\\/www.ester-erik.dk\\\/en\\\/shop\\\/candle-holders\\\/\"]}]},{\"@type\":\"ImageObject\",\"inLanguage\":\"en-US\",\"@id\":\"https:\\\/\\\/www.ester-erik.dk\\\/en\\\/shop\\\/candle-holders\\\/#primaryimage\",\"url\":\"https:\\\/\\\/www.ester-erik.dk\\\/wp-content\\\/uploads\\\/2025\\\/02\\\/Billeder_til_menu_februar202512-scaled.jpg\",\"contentUrl\":\"https:\\\/\\\/www.ester-erik.dk\\\/wp-content\\\/uploads\\\/2025\\\/02\\\/Billeder_til_menu_februar202512-scaled.jpg\",\"width\":1697,\"height\":2560},{\"@type\":\"BreadcrumbList\",\"@id\":\"https:\\\/\\\/www.ester-erik.dk\\\/en\\\/shop\\\/candle-holders\\\/#breadcrumb\",\"itemListElement\":[{\"@type\":\"ListItem\",\"position\":1,\"name\":\"Home\",\"item\":\"https:\\\/\\\/www.ester-erik.dk\\\/en\\\/\"},{\"@type\":\"ListItem\",\"position\":2,\"name\":\"Shop\",\"item\":\"https:\\\/\\\/www.ester-erik.dk\\\/shop\\\/\"},{\"@type\":\"ListItem\",\"position\":3,\"name\":\"Candle holders\"}]},{\"@type\":\"WebSite\",\"@id\":\"https:\\\/\\\/www.ester-erik.dk\\\/en\\\/#website\",\"url\":\"https:\\\/\\\/www.ester-erik.dk\\\/en\\\/\",\"name\":\"Ester &amp; Erik\",\"description\":\"H\u00e5ndfarvede lys i verdensklasse\",\"publisher\":{\"@id\":\"https:\\\/\\\/www.ester-erik.dk\\\/en\\\/#organization\"},\"potentialAction\":[{\"@type\":\"SearchAction\",\"target\":{\"@type\":\"EntryPoint\",\"urlTemplate\":\"https:\\\/\\\/www.ester-erik.dk\\\/en\\\/?s={search_term_string}\"},\"query-input\":{\"@type\":\"PropertyValueSpecification\",\"valueRequired\":true,\"valueName\":\"search_term_string\"}}],\"inLanguage\":\"en-US\"},{\"@type\":\"Organization\",\"@id\":\"https:\\\/\\\/www.ester-erik.dk\\\/en\\\/#organization\",\"name\":\"Ester & Erik\",\"url\":\"https:\\\/\\\/www.ester-erik.dk\\\/en\\\/\",\"logo\":{\"@type\":\"ImageObject\",\"inLanguage\":\"en-US\",\"@id\":\"https:\\\/\\\/www.ester-erik.dk\\\/en\\\/#\\\/schema\\\/logo\\\/image\\\/\",\"url\":\"https:\\\/\\\/www.ester-erik.dk\\\/wp-content\\\/uploads\\\/2020\\\/02\\\/EsterogErik1710190466-4.jpg\",\"contentUrl\":\"https:\\\/\\\/www.ester-erik.dk\\\/wp-content\\\/uploads\\\/2020\\\/02\\\/EsterogErik1710190466-4.jpg\",\"width\":1940,\"height\":1128,\"caption\":\"Ester & Erik\"},\"image\":{\"@id\":\"https:\\\/\\\/www.ester-erik.dk\\\/en\\\/#\\\/schema\\\/logo\\\/image\\\/\"},\"sameAs\":[\"https:\\\/\\\/www.facebook.com\\\/estererik\\\/\",\"https:\\\/\\\/www.instagram.com\\\/esteranderik\\\/\"]}]}<\/script>\n<!-- \/ Yoast SEO plugin. -->","yoast_head_json":{"title":"Lysestager | Stager i guld, s\u00f8lv, sort og rosa guld \u2013 ester & erik","description":"Vores lysestager har et elegant design og kan f\u00e5s i farverne guld, s\u00f8lv, rosa guld og sort. H\u00f8j kvalitet og smukt, stilrent design.","robots":{"index":"index","follow":"follow","max-snippet":"max-snippet:-1","max-image-preview":"max-image-preview:large","max-video-preview":"max-video-preview:-1"},"canonical":"https:\/\/www.ester-erik.dk\/en\/shop\/candle-holders\/","og_locale":"en_US","og_type":"article","og_title":"Lysestager | Stager i guld, s\u00f8lv, sort og rosa guld \u2013 ester & erik","og_description":"Vores lysestager har et elegant design og kan f\u00e5s i farverne guld, s\u00f8lv, rosa guld og sort. H\u00f8j kvalitet og smukt, stilrent design.","og_url":"https:\/\/www.ester-erik.dk\/en\/shop\/candle-holders\/","og_site_name":"Ester &amp; Erik","article_publisher":"https:\/\/www.facebook.com\/estererik\/","article_modified_time":"2025-11-17T17:08:17+00:00","og_image":[{"width":1697,"height":2560,"url":"https:\/\/www.ester-erik.dk\/wp-content\/uploads\/2025\/02\/Billeder_til_menu_februar202512-scaled.jpg","type":"image\/jpeg"}],"twitter_card":"summary_large_image","twitter_misc":{"Est. reading time":"1 minute"},"schema":{"@context":"https:\/\/schema.org","@graph":[{"@type":"WebPage","@id":"https:\/\/www.ester-erik.dk\/en\/shop\/candle-holders\/","url":"https:\/\/www.ester-erik.dk\/en\/shop\/candle-holders\/","name":"Lysestager | Stager i guld, s\u00f8lv, sort og rosa guld \u2013 ester & erik","isPartOf":{"@id":"https:\/\/www.ester-erik.dk\/en\/#website"},"primaryImageOfPage":{"@id":"https:\/\/www.ester-erik.dk\/en\/shop\/candle-holders\/#primaryimage"},"image":{"@id":"https:\/\/www.ester-erik.dk\/en\/shop\/candle-holders\/#primaryimage"},"thumbnailUrl":"https:\/\/www.ester-erik.dk\/wp-content\/uploads\/2025\/02\/Billeder_til_menu_februar202512-scaled.jpg","datePublished":"2020-06-10T13:23:29+00:00","dateModified":"2025-11-17T17:08:17+00:00","description":"Vores lysestager har et elegant design og kan f\u00e5s i farverne guld, s\u00f8lv, rosa guld og sort. H\u00f8j kvalitet og smukt, stilrent design.","breadcrumb":{"@id":"https:\/\/www.ester-erik.dk\/en\/shop\/candle-holders\/#breadcrumb"},"inLanguage":"en-US","potentialAction":[{"@type":"ReadAction","target":["https:\/\/www.ester-erik.dk\/en\/shop\/candle-holders\/"]}]},{"@type":"ImageObject","inLanguage":"en-US","@id":"https:\/\/www.ester-erik.dk\/en\/shop\/candle-holders\/#primaryimage","url":"https:\/\/www.ester-erik.dk\/wp-content\/uploads\/2025\/02\/Billeder_til_menu_februar202512-scaled.jpg","contentUrl":"https:\/\/www.ester-erik.dk\/wp-content\/uploads\/2025\/02\/Billeder_til_menu_februar202512-scaled.jpg","width":1697,"height":2560},{"@type":"BreadcrumbList","@id":"https:\/\/www.ester-erik.dk\/en\/shop\/candle-holders\/#breadcrumb","itemListElement":[{"@type":"ListItem","position":1,"name":"Home","item":"https:\/\/www.ester-erik.dk\/en\/"},{"@type":"ListItem","position":2,"name":"Shop","item":"https:\/\/www.ester-erik.dk\/shop\/"},{"@type":"ListItem","position":3,"name":"Candle holders"}]},{"@type":"WebSite","@id":"https:\/\/www.ester-erik.dk\/en\/#website","url":"https:\/\/www.ester-erik.dk\/en\/","name":"Ester &amp; Erik","description":"H\u00e5ndfarvede lys i verdensklasse","publisher":{"@id":"https:\/\/www.ester-erik.dk\/en\/#organization"},"potentialAction":[{"@type":"SearchAction","target":{"@type":"EntryPoint","urlTemplate":"https:\/\/www.ester-erik.dk\/en\/?s={search_term_string}"},"query-input":{"@type":"PropertyValueSpecification","valueRequired":true,"valueName":"search_term_string"}}],"inLanguage":"en-US"},{"@type":"Organization","@id":"https:\/\/www.ester-erik.dk\/en\/#organization","name":"Ester & Erik","url":"https:\/\/www.ester-erik.dk\/en\/","logo":{"@type":"ImageObject","inLanguage":"en-US","@id":"https:\/\/www.ester-erik.dk\/en\/#\/schema\/logo\/image\/","url":"https:\/\/www.ester-erik.dk\/wp-content\/uploads\/2020\/02\/EsterogErik1710190466-4.jpg","contentUrl":"https:\/\/www.ester-erik.dk\/wp-content\/uploads\/2020\/02\/EsterogErik1710190466-4.jpg","width":1940,"height":1128,"caption":"Ester & Erik"},"image":{"@id":"https:\/\/www.ester-erik.dk\/en\/#\/schema\/logo\/image\/"},"sameAs":["https:\/\/www.facebook.com\/estererik\/","https:\/\/www.instagram.com\/esteranderik\/"]}]}},"_links":{"self":[{"href":"https:\/\/www.ester-erik.dk\/en\/wp-json\/wp\/v2\/product\/20313","targetHints":{"allow":["GET"]}}],"collection":[{"href":"https:\/\/www.ester-erik.dk\/en\/wp-json\/wp\/v2\/product"}],"about":[{"href":"https:\/\/www.ester-erik.dk\/en\/wp-json\/wp\/v2\/types\/product"}],"wp:featuredmedia":[{"embeddable":true,"href":"https:\/\/www.ester-erik.dk\/en\/wp-json\/wp\/v2\/media\/111621"}],"wp:attachment":[{"href":"https:\/\/www.ester-erik.dk\/en\/wp-json\/wp\/v2\/media?parent=20313"}],"wp:term":[{"taxonomy":"product_brand","embeddable":true,"href":"https:\/\/www.ester-erik.dk\/en\/wp-json\/wp\/v2\/product_brand?post=20313"},{"taxonomy":"product_cat","embeddable":true,"href":"https:\/\/www.ester-erik.dk\/en\/wp-json\/wp\/v2\/product_cat?post=20313"}],"curies":[{"name":"wp","href":"https:\/\/api.w.org\/{rel}","templated":true}]}}