{"id":20283,"date":"2020-06-10T15:23:29","date_gmt":"2020-06-10T13:23:29","guid":{"rendered":"https:\/\/www.ester-erik.dk\/shop\/slim-candles\/"},"modified":"2025-11-17T18:08:16","modified_gmt":"2025-11-17T17:08:16","slug":"slim-candles","status":"publish","type":"product","link":"https:\/\/www.ester-erik.dk\/en\/shop\/slim-candles\/","title":{"rendered":"Slim candles"},"excerpt":{"rendered":"<h2>Elegante kertelys<\/h2>\n<p>Kertelyset er et gammelt, traditionsrigt lys, som har eksisteret i generationer og er blevet fremstillet i mange forskellige former og h\u00f8jder.<\/p>\n<p>Vi har lavet vores egen fortolkning i form af et lys, der er lilles\u00f8ster til vores popul\u00e6re stagelys \u2013 med samme form og elegance, blot i en mindre diameter. Som alle andre af vores lys er kertelyset konisk formet i bunden, s\u00e5 det passer i de fleste stager.<\/p>\n<p>Det smalle lys kan med fordel kombineres med andre af vores klassiske lys for et varieret og sp\u00e6ndende udtryk, vores kertelys f\u00e5s i 3 h\u00f8jder.<\/p>\n","protected":false},"featured_media":115022,"template":"","meta":{"_acf_changed":false},"product_brand":[],"product_cat":[622,417],"class_list":{"0":"post-20283","1":"product","2":"type-product","3":"status-publish","4":"has-post-thumbnail","6":"product_cat-farvede-lys-en","7":"product_cat-uncategorized-en","8":"pa_farve-artichoke","9":"pa_farve-673","10":"pa_farve-665","11":"pa_farve-no-04","12":"pa_farve-674","13":"pa_farve-675","14":"pa_farve-no-07","15":"pa_farve-676","16":"pa_farve-08-2","17":"pa_farve-678","18":"pa_farve-09-2","19":"pa_farve-680","20":"pa_farve-666","21":"pa_farve-681","22":"pa_farve-667","23":"pa_farve-682","24":"pa_farve-14-2","25":"pa_farve-684","26":"pa_farve-15-2","27":"pa_farve-686","28":"pa_farve-16-2","29":"pa_farve-688","30":"pa_farve-659","31":"pa_farve-689","32":"pa_farve-19-2","33":"pa_farve-691","34":"pa_farve-744","35":"pa_farve-660","36":"pa_farve-747","37":"pa_farve-692","38":"pa_farve-693","39":"pa_farve-694","40":"pa_farve-no-27","41":"pa_farve-695","42":"pa_farve-696","43":"pa_farve-697","44":"pa_farve-661","45":"pa_farve-698","46":"pa_farve-699","47":"pa_farve-700","48":"pa_farve-662","49":"pa_farve-668","50":"pa_farve-701","51":"pa_farve-702","52":"pa_farve-703","53":"pa_farve-704","54":"pa_farve-41-2","55":"pa_farve-669","56":"pa_farve-706","57":"pa_farve-707","58":"pa_farve-44-2","59":"pa_farve-709","60":"pa_farve-710","61":"pa_farve-46-2","62":"pa_farve-712","63":"pa_farve-713","64":"pa_farve-714","65":"pa_farve-715","66":"pa_farve-670","67":"pa_farve-745","68":"pa_farve-716","69":"pa_farve-54-2","70":"pa_farve-718","71":"pa_farve-719","72":"pa_farve-720","73":"pa_farve-721","74":"pa_farve-722","75":"pa_farve-723","76":"pa_farve-724","77":"pa_farve-725","78":"pa_farve-726","79":"pa_farve-727","80":"pa_farve-671","81":"pa_farve-728","82":"pa_farve-729","83":"pa_farve-68-2","84":"pa_farve-no-69","85":"pa_farve-731","86":"pa_farve-663","87":"pa_farve-732","88":"pa_farve-733","89":"pa_farve-734","90":"pa_farve-664","91":"pa_farve-735","92":"pa_farve-76-2","93":"pa_farve-737","94":"pa_farve-738","95":"pa_farve-739","96":"pa_farve-740","97":"pa_farve-672","98":"pa_farve-no-82","99":"pa_farve-no-83","100":"pa_farve-755","101":"pa_farve-no-85","102":"pa_farve-741","103":"pa_farve-742","104":"pa_farve-no-94","105":"pa_farve-756","106":"pa_laengde-24-cm","107":"pa_laengde-32-cm","108":"pa_laengde-42-cm","109":"pa_overflade-lacquer","110":"pa_overflade-matt","112":"first","113":"instock","114":"taxable","115":"shipping-taxable","116":"purchasable","117":"product-type-variable"},"acf":[],"yoast_head":"<!-- This site is optimized with the Yoast SEO plugin v27.5 - https:\/\/yoast.com\/product\/yoast-seo-wordpress\/ -->\n<title>Slim candles | ester &amp; erik<\/title>\n<meta name=\"description\" content=\"The extra slim candle is an old, traditional candle which has existed for generations, and has been produced in many different shapes and heights.\" \/>\n<meta name=\"robots\" content=\"index, follow, max-snippet:-1, max-image-preview:large, max-video-preview:-1\" \/>\n<link rel=\"canonical\" href=\"https:\/\/www.ester-erik.dk\/en\/shop\/slim-candles\/\" \/>\n<meta property=\"og:locale\" content=\"en_US\" \/>\n<meta property=\"og:type\" content=\"article\" \/>\n<meta property=\"og:title\" content=\"Slim candles | ester &amp; erik\" \/>\n<meta property=\"og:description\" content=\"The extra slim candle is an old, traditional candle which has existed for generations, and has been produced in many different shapes and heights.\" \/>\n<meta property=\"og:url\" content=\"https:\/\/www.ester-erik.dk\/en\/shop\/slim-candles\/\" \/>\n<meta property=\"og:site_name\" content=\"Ester &amp; Erik\" \/>\n<meta property=\"article:publisher\" content=\"https:\/\/www.facebook.com\/estererik\/\" \/>\n<meta property=\"article:modified_time\" content=\"2025-11-17T17:08:16+00:00\" \/>\n<meta property=\"og:image\" content=\"https:\/\/www.ester-erik.dk\/wp-content\/uploads\/2020\/06\/Billeder_til_menu6-scaled.jpg\" \/>\n\t<meta property=\"og:image:width\" content=\"1697\" \/>\n\t<meta property=\"og:image:height\" content=\"2560\" \/>\n\t<meta property=\"og:image:type\" content=\"image\/jpeg\" \/>\n<meta name=\"twitter:card\" content=\"summary_large_image\" \/>\n<meta name=\"twitter:label1\" content=\"Est. reading time\" \/>\n\t<meta name=\"twitter:data1\" content=\"1 minute\" \/>\n<script type=\"application\/ld+json\" class=\"yoast-schema-graph\">{\"@context\":\"https:\\\/\\\/schema.org\",\"@graph\":[{\"@type\":\"WebPage\",\"@id\":\"https:\\\/\\\/www.ester-erik.dk\\\/en\\\/shop\\\/slim-candles\\\/\",\"url\":\"https:\\\/\\\/www.ester-erik.dk\\\/en\\\/shop\\\/slim-candles\\\/\",\"name\":\"Slim candles | ester & erik\",\"isPartOf\":{\"@id\":\"https:\\\/\\\/www.ester-erik.dk\\\/en\\\/#website\"},\"primaryImageOfPage\":{\"@id\":\"https:\\\/\\\/www.ester-erik.dk\\\/en\\\/shop\\\/slim-candles\\\/#primaryimage\"},\"image\":{\"@id\":\"https:\\\/\\\/www.ester-erik.dk\\\/en\\\/shop\\\/slim-candles\\\/#primaryimage\"},\"thumbnailUrl\":\"https:\\\/\\\/www.ester-erik.dk\\\/wp-content\\\/uploads\\\/2020\\\/06\\\/Billeder_til_menu6-scaled.jpg\",\"datePublished\":\"2020-06-10T13:23:29+00:00\",\"dateModified\":\"2025-11-17T17:08:16+00:00\",\"description\":\"The extra slim candle is an old, traditional candle which has existed for generations, and has been produced in many different shapes and heights.\",\"breadcrumb\":{\"@id\":\"https:\\\/\\\/www.ester-erik.dk\\\/en\\\/shop\\\/slim-candles\\\/#breadcrumb\"},\"inLanguage\":\"en-US\",\"potentialAction\":[{\"@type\":\"ReadAction\",\"target\":[\"https:\\\/\\\/www.ester-erik.dk\\\/en\\\/shop\\\/slim-candles\\\/\"]}]},{\"@type\":\"ImageObject\",\"inLanguage\":\"en-US\",\"@id\":\"https:\\\/\\\/www.ester-erik.dk\\\/en\\\/shop\\\/slim-candles\\\/#primaryimage\",\"url\":\"https:\\\/\\\/www.ester-erik.dk\\\/wp-content\\\/uploads\\\/2020\\\/06\\\/Billeder_til_menu6-scaled.jpg\",\"contentUrl\":\"https:\\\/\\\/www.ester-erik.dk\\\/wp-content\\\/uploads\\\/2020\\\/06\\\/Billeder_til_menu6-scaled.jpg\",\"width\":1697,\"height\":2560},{\"@type\":\"BreadcrumbList\",\"@id\":\"https:\\\/\\\/www.ester-erik.dk\\\/en\\\/shop\\\/slim-candles\\\/#breadcrumb\",\"itemListElement\":[{\"@type\":\"ListItem\",\"position\":1,\"name\":\"Home\",\"item\":\"https:\\\/\\\/www.ester-erik.dk\\\/en\\\/\"},{\"@type\":\"ListItem\",\"position\":2,\"name\":\"Shop\",\"item\":\"https:\\\/\\\/www.ester-erik.dk\\\/shop\\\/\"},{\"@type\":\"ListItem\",\"position\":3,\"name\":\"Slim candles\"}]},{\"@type\":\"WebSite\",\"@id\":\"https:\\\/\\\/www.ester-erik.dk\\\/en\\\/#website\",\"url\":\"https:\\\/\\\/www.ester-erik.dk\\\/en\\\/\",\"name\":\"Ester &amp; Erik\",\"description\":\"H\u00e5ndfarvede lys i verdensklasse\",\"publisher\":{\"@id\":\"https:\\\/\\\/www.ester-erik.dk\\\/en\\\/#organization\"},\"potentialAction\":[{\"@type\":\"SearchAction\",\"target\":{\"@type\":\"EntryPoint\",\"urlTemplate\":\"https:\\\/\\\/www.ester-erik.dk\\\/en\\\/?s={search_term_string}\"},\"query-input\":{\"@type\":\"PropertyValueSpecification\",\"valueRequired\":true,\"valueName\":\"search_term_string\"}}],\"inLanguage\":\"en-US\"},{\"@type\":\"Organization\",\"@id\":\"https:\\\/\\\/www.ester-erik.dk\\\/en\\\/#organization\",\"name\":\"Ester & Erik\",\"url\":\"https:\\\/\\\/www.ester-erik.dk\\\/en\\\/\",\"logo\":{\"@type\":\"ImageObject\",\"inLanguage\":\"en-US\",\"@id\":\"https:\\\/\\\/www.ester-erik.dk\\\/en\\\/#\\\/schema\\\/logo\\\/image\\\/\",\"url\":\"https:\\\/\\\/www.ester-erik.dk\\\/wp-content\\\/uploads\\\/2020\\\/02\\\/EsterogErik1710190466-4.jpg\",\"contentUrl\":\"https:\\\/\\\/www.ester-erik.dk\\\/wp-content\\\/uploads\\\/2020\\\/02\\\/EsterogErik1710190466-4.jpg\",\"width\":1940,\"height\":1128,\"caption\":\"Ester & Erik\"},\"image\":{\"@id\":\"https:\\\/\\\/www.ester-erik.dk\\\/en\\\/#\\\/schema\\\/logo\\\/image\\\/\"},\"sameAs\":[\"https:\\\/\\\/www.facebook.com\\\/estererik\\\/\",\"https:\\\/\\\/www.instagram.com\\\/esteranderik\\\/\"]}]}<\/script>\n<!-- \/ Yoast SEO plugin. -->","yoast_head_json":{"title":"Slim candles | ester & erik","description":"The extra slim candle is an old, traditional candle which has existed for generations, and has been produced in many different shapes and heights.","robots":{"index":"index","follow":"follow","max-snippet":"max-snippet:-1","max-image-preview":"max-image-preview:large","max-video-preview":"max-video-preview:-1"},"canonical":"https:\/\/www.ester-erik.dk\/en\/shop\/slim-candles\/","og_locale":"en_US","og_type":"article","og_title":"Slim candles | ester & erik","og_description":"The extra slim candle is an old, traditional candle which has existed for generations, and has been produced in many different shapes and heights.","og_url":"https:\/\/www.ester-erik.dk\/en\/shop\/slim-candles\/","og_site_name":"Ester &amp; Erik","article_publisher":"https:\/\/www.facebook.com\/estererik\/","article_modified_time":"2025-11-17T17:08:16+00:00","og_image":[{"width":1697,"height":2560,"url":"https:\/\/www.ester-erik.dk\/wp-content\/uploads\/2020\/06\/Billeder_til_menu6-scaled.jpg","type":"image\/jpeg"}],"twitter_card":"summary_large_image","twitter_misc":{"Est. reading time":"1 minute"},"schema":{"@context":"https:\/\/schema.org","@graph":[{"@type":"WebPage","@id":"https:\/\/www.ester-erik.dk\/en\/shop\/slim-candles\/","url":"https:\/\/www.ester-erik.dk\/en\/shop\/slim-candles\/","name":"Slim candles | ester & erik","isPartOf":{"@id":"https:\/\/www.ester-erik.dk\/en\/#website"},"primaryImageOfPage":{"@id":"https:\/\/www.ester-erik.dk\/en\/shop\/slim-candles\/#primaryimage"},"image":{"@id":"https:\/\/www.ester-erik.dk\/en\/shop\/slim-candles\/#primaryimage"},"thumbnailUrl":"https:\/\/www.ester-erik.dk\/wp-content\/uploads\/2020\/06\/Billeder_til_menu6-scaled.jpg","datePublished":"2020-06-10T13:23:29+00:00","dateModified":"2025-11-17T17:08:16+00:00","description":"The extra slim candle is an old, traditional candle which has existed for generations, and has been produced in many different shapes and heights.","breadcrumb":{"@id":"https:\/\/www.ester-erik.dk\/en\/shop\/slim-candles\/#breadcrumb"},"inLanguage":"en-US","potentialAction":[{"@type":"ReadAction","target":["https:\/\/www.ester-erik.dk\/en\/shop\/slim-candles\/"]}]},{"@type":"ImageObject","inLanguage":"en-US","@id":"https:\/\/www.ester-erik.dk\/en\/shop\/slim-candles\/#primaryimage","url":"https:\/\/www.ester-erik.dk\/wp-content\/uploads\/2020\/06\/Billeder_til_menu6-scaled.jpg","contentUrl":"https:\/\/www.ester-erik.dk\/wp-content\/uploads\/2020\/06\/Billeder_til_menu6-scaled.jpg","width":1697,"height":2560},{"@type":"BreadcrumbList","@id":"https:\/\/www.ester-erik.dk\/en\/shop\/slim-candles\/#breadcrumb","itemListElement":[{"@type":"ListItem","position":1,"name":"Home","item":"https:\/\/www.ester-erik.dk\/en\/"},{"@type":"ListItem","position":2,"name":"Shop","item":"https:\/\/www.ester-erik.dk\/shop\/"},{"@type":"ListItem","position":3,"name":"Slim candles"}]},{"@type":"WebSite","@id":"https:\/\/www.ester-erik.dk\/en\/#website","url":"https:\/\/www.ester-erik.dk\/en\/","name":"Ester &amp; Erik","description":"H\u00e5ndfarvede lys i verdensklasse","publisher":{"@id":"https:\/\/www.ester-erik.dk\/en\/#organization"},"potentialAction":[{"@type":"SearchAction","target":{"@type":"EntryPoint","urlTemplate":"https:\/\/www.ester-erik.dk\/en\/?s={search_term_string}"},"query-input":{"@type":"PropertyValueSpecification","valueRequired":true,"valueName":"search_term_string"}}],"inLanguage":"en-US"},{"@type":"Organization","@id":"https:\/\/www.ester-erik.dk\/en\/#organization","name":"Ester & Erik","url":"https:\/\/www.ester-erik.dk\/en\/","logo":{"@type":"ImageObject","inLanguage":"en-US","@id":"https:\/\/www.ester-erik.dk\/en\/#\/schema\/logo\/image\/","url":"https:\/\/www.ester-erik.dk\/wp-content\/uploads\/2020\/02\/EsterogErik1710190466-4.jpg","contentUrl":"https:\/\/www.ester-erik.dk\/wp-content\/uploads\/2020\/02\/EsterogErik1710190466-4.jpg","width":1940,"height":1128,"caption":"Ester & Erik"},"image":{"@id":"https:\/\/www.ester-erik.dk\/en\/#\/schema\/logo\/image\/"},"sameAs":["https:\/\/www.facebook.com\/estererik\/","https:\/\/www.instagram.com\/esteranderik\/"]}]}},"_links":{"self":[{"href":"https:\/\/www.ester-erik.dk\/en\/wp-json\/wp\/v2\/product\/20283","targetHints":{"allow":["GET"]}}],"collection":[{"href":"https:\/\/www.ester-erik.dk\/en\/wp-json\/wp\/v2\/product"}],"about":[{"href":"https:\/\/www.ester-erik.dk\/en\/wp-json\/wp\/v2\/types\/product"}],"wp:featuredmedia":[{"embeddable":true,"href":"https:\/\/www.ester-erik.dk\/en\/wp-json\/wp\/v2\/media\/115022"}],"wp:attachment":[{"href":"https:\/\/www.ester-erik.dk\/en\/wp-json\/wp\/v2\/media?parent=20283"}],"wp:term":[{"taxonomy":"product_brand","embeddable":true,"href":"https:\/\/www.ester-erik.dk\/en\/wp-json\/wp\/v2\/product_brand?post=20283"},{"taxonomy":"product_cat","embeddable":true,"href":"https:\/\/www.ester-erik.dk\/en\/wp-json\/wp\/v2\/product_cat?post=20283"}],"curies":[{"name":"wp","href":"https:\/\/api.w.org\/{rel}","templated":true}]}}