{"id":114839,"date":"2025-09-25T10:46:23","date_gmt":"2025-09-25T08:46:23","guid":{"rendered":"https:\/\/www.ester-erik.dk\/shop\/blokkalenderlys\/"},"modified":"2025-10-17T10:45:40","modified_gmt":"2025-10-17T08:45:40","slug":"pillar-calendar-candle","status":"publish","type":"product","link":"https:\/\/www.ester-erik.dk\/en\/shop\/pillar-calendar-candle\/","title":{"rendered":"Pillar calendar candle"},"excerpt":{"rendered":"<h3>Selvst\u00e5ende kalenderlys<\/h3>\n<p>Kalenderlys er for mange en fast tradition i december, hvor hyggen for alvor breder sig i hjemmet \u2013 en tradition, som er forbundet med gl\u00e6de og man t\u00e6ller dagene til juleaften med sommerfugle i maven. N\u00e5r lyset hver dag i t\u00e6ndes, f\u00f8ler og ser man hvilken magi flammen skaber, og man mindes hvilken dejlig fredfyldt tid, man befinder sig i omgivet af sine k\u00e6re.<\/p>\n<p>I \u00e5r kan du pryde dit hjem med vores smukke kalenderlys, som kommer i kegle- og bloklys form i 15 elegante udvalgte farver. Med sin rene og klassiske form st\u00e5r det elegant for sig selv, man kan ogs\u00e5 v\u00e6lge at s\u00e6tte det p\u00e5 vores <a href=\"https:\/\/www.ester-erik.dk\/varer\/lyse-platte\/\">lyseplatte<\/a> eller andre underlag som f.eks. en glasplade eller en marmorplade \u2013 alt er muligt, fordi man ikke skal have en lysestage til at holde kalenderlyset.<\/p>\n","protected":false},"featured_media":114882,"template":"","meta":{"_acf_changed":false},"product_brand":[],"product_cat":[417],"class_list":{"0":"post-114839","1":"product","2":"type-product","3":"status-publish","4":"has-post-thumbnail","6":"product_cat-uncategorized-en","7":"pa_diameter-5-cm","8":"pa_diameter-6-cm","9":"pa_farve-675","10":"pa_farve-660","11":"pa_farve-692","12":"pa_farve-693","13":"pa_farve-661","14":"pa_farve-662","15":"pa_farve-44-2","16":"pa_farve-no-69","17":"pa_farve-731","18":"pa_farve-737","19":"pa_farve-755","21":"first","22":"instock","23":"taxable","24":"shipping-taxable","25":"purchasable","26":"product-type-variable"},"acf":[],"yoast_head":"<!-- This site is optimized with the Yoast SEO plugin v27.5 - https:\/\/yoast.com\/product\/yoast-seo-wordpress\/ -->\n<title>Pillar calendar candle - Ester &amp; Erik<\/title>\n<meta name=\"description\" content=\"Calendar candles are for many people a fixed tradition in December. The tradition relates to a lot of joy, and with butterflies in the stomach you count the days till Christmas eve.\" \/>\n<meta name=\"robots\" content=\"index, follow, max-snippet:-1, max-image-preview:large, max-video-preview:-1\" \/>\n<link rel=\"canonical\" href=\"https:\/\/www.ester-erik.dk\/en\/shop\/pillar-calendar-candle\/\" \/>\n<meta property=\"og:locale\" content=\"en_US\" \/>\n<meta property=\"og:type\" content=\"article\" \/>\n<meta property=\"og:title\" content=\"Pillar calendar candle - Ester &amp; Erik\" \/>\n<meta property=\"og:description\" content=\"Calendar candles are for many people a fixed tradition in December. The tradition relates to a lot of joy, and with butterflies in the stomach you count the days till Christmas eve.\" \/>\n<meta property=\"og:url\" content=\"https:\/\/www.ester-erik.dk\/en\/shop\/pillar-calendar-candle\/\" \/>\n<meta property=\"og:site_name\" content=\"Ester &amp; Erik\" \/>\n<meta property=\"article:publisher\" content=\"https:\/\/www.facebook.com\/estererik\/\" \/>\n<meta property=\"article:modified_time\" content=\"2025-10-17T08:45:40+00:00\" \/>\n<meta property=\"og:image\" content=\"https:\/\/www.ester-erik.dk\/wp-content\/uploads\/2025\/09\/Calendar5_square.jpg\" \/>\n\t<meta property=\"og:image:width\" content=\"1000\" \/>\n\t<meta property=\"og:image:height\" content=\"1000\" \/>\n\t<meta property=\"og:image:type\" content=\"image\/jpeg\" \/>\n<meta name=\"twitter:card\" content=\"summary_large_image\" \/>\n<meta name=\"twitter:label1\" content=\"Est. reading time\" \/>\n\t<meta name=\"twitter:data1\" content=\"1 minute\" \/>\n<script type=\"application\/ld+json\" class=\"yoast-schema-graph\">{\"@context\":\"https:\\\/\\\/schema.org\",\"@graph\":[{\"@type\":\"WebPage\",\"@id\":\"https:\\\/\\\/www.ester-erik.dk\\\/en\\\/shop\\\/pillar-calendar-candle\\\/\",\"url\":\"https:\\\/\\\/www.ester-erik.dk\\\/en\\\/shop\\\/pillar-calendar-candle\\\/\",\"name\":\"Pillar calendar candle - Ester &amp; Erik\",\"isPartOf\":{\"@id\":\"https:\\\/\\\/www.ester-erik.dk\\\/en\\\/#website\"},\"primaryImageOfPage\":{\"@id\":\"https:\\\/\\\/www.ester-erik.dk\\\/en\\\/shop\\\/pillar-calendar-candle\\\/#primaryimage\"},\"image\":{\"@id\":\"https:\\\/\\\/www.ester-erik.dk\\\/en\\\/shop\\\/pillar-calendar-candle\\\/#primaryimage\"},\"thumbnailUrl\":\"https:\\\/\\\/www.ester-erik.dk\\\/wp-content\\\/uploads\\\/2025\\\/09\\\/Calendar5_square.jpg\",\"datePublished\":\"2025-09-25T08:46:23+00:00\",\"dateModified\":\"2025-10-17T08:45:40+00:00\",\"description\":\"Calendar candles are for many people a fixed tradition in December. The tradition relates to a lot of joy, and with butterflies in the stomach you count the days till Christmas eve.\",\"breadcrumb\":{\"@id\":\"https:\\\/\\\/www.ester-erik.dk\\\/en\\\/shop\\\/pillar-calendar-candle\\\/#breadcrumb\"},\"inLanguage\":\"en-US\",\"potentialAction\":[{\"@type\":\"ReadAction\",\"target\":[\"https:\\\/\\\/www.ester-erik.dk\\\/en\\\/shop\\\/pillar-calendar-candle\\\/\"]}]},{\"@type\":\"ImageObject\",\"inLanguage\":\"en-US\",\"@id\":\"https:\\\/\\\/www.ester-erik.dk\\\/en\\\/shop\\\/pillar-calendar-candle\\\/#primaryimage\",\"url\":\"https:\\\/\\\/www.ester-erik.dk\\\/wp-content\\\/uploads\\\/2025\\\/09\\\/Calendar5_square.jpg\",\"contentUrl\":\"https:\\\/\\\/www.ester-erik.dk\\\/wp-content\\\/uploads\\\/2025\\\/09\\\/Calendar5_square.jpg\",\"width\":1000,\"height\":1000},{\"@type\":\"BreadcrumbList\",\"@id\":\"https:\\\/\\\/www.ester-erik.dk\\\/en\\\/shop\\\/pillar-calendar-candle\\\/#breadcrumb\",\"itemListElement\":[{\"@type\":\"ListItem\",\"position\":1,\"name\":\"Home\",\"item\":\"https:\\\/\\\/www.ester-erik.dk\\\/en\\\/\"},{\"@type\":\"ListItem\",\"position\":2,\"name\":\"Shop\",\"item\":\"https:\\\/\\\/www.ester-erik.dk\\\/shop\\\/\"},{\"@type\":\"ListItem\",\"position\":3,\"name\":\"Pillar calendar candle\"}]},{\"@type\":\"WebSite\",\"@id\":\"https:\\\/\\\/www.ester-erik.dk\\\/en\\\/#website\",\"url\":\"https:\\\/\\\/www.ester-erik.dk\\\/en\\\/\",\"name\":\"Ester &amp; Erik\",\"description\":\"H\u00e5ndfarvede lys i verdensklasse\",\"publisher\":{\"@id\":\"https:\\\/\\\/www.ester-erik.dk\\\/en\\\/#organization\"},\"potentialAction\":[{\"@type\":\"SearchAction\",\"target\":{\"@type\":\"EntryPoint\",\"urlTemplate\":\"https:\\\/\\\/www.ester-erik.dk\\\/en\\\/?s={search_term_string}\"},\"query-input\":{\"@type\":\"PropertyValueSpecification\",\"valueRequired\":true,\"valueName\":\"search_term_string\"}}],\"inLanguage\":\"en-US\"},{\"@type\":\"Organization\",\"@id\":\"https:\\\/\\\/www.ester-erik.dk\\\/en\\\/#organization\",\"name\":\"Ester & Erik\",\"url\":\"https:\\\/\\\/www.ester-erik.dk\\\/en\\\/\",\"logo\":{\"@type\":\"ImageObject\",\"inLanguage\":\"en-US\",\"@id\":\"https:\\\/\\\/www.ester-erik.dk\\\/en\\\/#\\\/schema\\\/logo\\\/image\\\/\",\"url\":\"https:\\\/\\\/www.ester-erik.dk\\\/wp-content\\\/uploads\\\/2020\\\/02\\\/EsterogErik1710190466-4.jpg\",\"contentUrl\":\"https:\\\/\\\/www.ester-erik.dk\\\/wp-content\\\/uploads\\\/2020\\\/02\\\/EsterogErik1710190466-4.jpg\",\"width\":1940,\"height\":1128,\"caption\":\"Ester & Erik\"},\"image\":{\"@id\":\"https:\\\/\\\/www.ester-erik.dk\\\/en\\\/#\\\/schema\\\/logo\\\/image\\\/\"},\"sameAs\":[\"https:\\\/\\\/www.facebook.com\\\/estererik\\\/\",\"https:\\\/\\\/www.instagram.com\\\/esteranderik\\\/\"]}]}<\/script>\n<!-- \/ Yoast SEO plugin. -->","yoast_head_json":{"title":"Pillar calendar candle - Ester &amp; Erik","description":"Calendar candles are for many people a fixed tradition in December. The tradition relates to a lot of joy, and with butterflies in the stomach you count the days till Christmas eve.","robots":{"index":"index","follow":"follow","max-snippet":"max-snippet:-1","max-image-preview":"max-image-preview:large","max-video-preview":"max-video-preview:-1"},"canonical":"https:\/\/www.ester-erik.dk\/en\/shop\/pillar-calendar-candle\/","og_locale":"en_US","og_type":"article","og_title":"Pillar calendar candle - Ester &amp; Erik","og_description":"Calendar candles are for many people a fixed tradition in December. The tradition relates to a lot of joy, and with butterflies in the stomach you count the days till Christmas eve.","og_url":"https:\/\/www.ester-erik.dk\/en\/shop\/pillar-calendar-candle\/","og_site_name":"Ester &amp; Erik","article_publisher":"https:\/\/www.facebook.com\/estererik\/","article_modified_time":"2025-10-17T08:45:40+00:00","og_image":[{"width":1000,"height":1000,"url":"https:\/\/www.ester-erik.dk\/wp-content\/uploads\/2025\/09\/Calendar5_square.jpg","type":"image\/jpeg"}],"twitter_card":"summary_large_image","twitter_misc":{"Est. reading time":"1 minute"},"schema":{"@context":"https:\/\/schema.org","@graph":[{"@type":"WebPage","@id":"https:\/\/www.ester-erik.dk\/en\/shop\/pillar-calendar-candle\/","url":"https:\/\/www.ester-erik.dk\/en\/shop\/pillar-calendar-candle\/","name":"Pillar calendar candle - Ester &amp; Erik","isPartOf":{"@id":"https:\/\/www.ester-erik.dk\/en\/#website"},"primaryImageOfPage":{"@id":"https:\/\/www.ester-erik.dk\/en\/shop\/pillar-calendar-candle\/#primaryimage"},"image":{"@id":"https:\/\/www.ester-erik.dk\/en\/shop\/pillar-calendar-candle\/#primaryimage"},"thumbnailUrl":"https:\/\/www.ester-erik.dk\/wp-content\/uploads\/2025\/09\/Calendar5_square.jpg","datePublished":"2025-09-25T08:46:23+00:00","dateModified":"2025-10-17T08:45:40+00:00","description":"Calendar candles are for many people a fixed tradition in December. The tradition relates to a lot of joy, and with butterflies in the stomach you count the days till Christmas eve.","breadcrumb":{"@id":"https:\/\/www.ester-erik.dk\/en\/shop\/pillar-calendar-candle\/#breadcrumb"},"inLanguage":"en-US","potentialAction":[{"@type":"ReadAction","target":["https:\/\/www.ester-erik.dk\/en\/shop\/pillar-calendar-candle\/"]}]},{"@type":"ImageObject","inLanguage":"en-US","@id":"https:\/\/www.ester-erik.dk\/en\/shop\/pillar-calendar-candle\/#primaryimage","url":"https:\/\/www.ester-erik.dk\/wp-content\/uploads\/2025\/09\/Calendar5_square.jpg","contentUrl":"https:\/\/www.ester-erik.dk\/wp-content\/uploads\/2025\/09\/Calendar5_square.jpg","width":1000,"height":1000},{"@type":"BreadcrumbList","@id":"https:\/\/www.ester-erik.dk\/en\/shop\/pillar-calendar-candle\/#breadcrumb","itemListElement":[{"@type":"ListItem","position":1,"name":"Home","item":"https:\/\/www.ester-erik.dk\/en\/"},{"@type":"ListItem","position":2,"name":"Shop","item":"https:\/\/www.ester-erik.dk\/shop\/"},{"@type":"ListItem","position":3,"name":"Pillar calendar candle"}]},{"@type":"WebSite","@id":"https:\/\/www.ester-erik.dk\/en\/#website","url":"https:\/\/www.ester-erik.dk\/en\/","name":"Ester &amp; Erik","description":"H\u00e5ndfarvede lys i verdensklasse","publisher":{"@id":"https:\/\/www.ester-erik.dk\/en\/#organization"},"potentialAction":[{"@type":"SearchAction","target":{"@type":"EntryPoint","urlTemplate":"https:\/\/www.ester-erik.dk\/en\/?s={search_term_string}"},"query-input":{"@type":"PropertyValueSpecification","valueRequired":true,"valueName":"search_term_string"}}],"inLanguage":"en-US"},{"@type":"Organization","@id":"https:\/\/www.ester-erik.dk\/en\/#organization","name":"Ester & Erik","url":"https:\/\/www.ester-erik.dk\/en\/","logo":{"@type":"ImageObject","inLanguage":"en-US","@id":"https:\/\/www.ester-erik.dk\/en\/#\/schema\/logo\/image\/","url":"https:\/\/www.ester-erik.dk\/wp-content\/uploads\/2020\/02\/EsterogErik1710190466-4.jpg","contentUrl":"https:\/\/www.ester-erik.dk\/wp-content\/uploads\/2020\/02\/EsterogErik1710190466-4.jpg","width":1940,"height":1128,"caption":"Ester & Erik"},"image":{"@id":"https:\/\/www.ester-erik.dk\/en\/#\/schema\/logo\/image\/"},"sameAs":["https:\/\/www.facebook.com\/estererik\/","https:\/\/www.instagram.com\/esteranderik\/"]}]}},"_links":{"self":[{"href":"https:\/\/www.ester-erik.dk\/en\/wp-json\/wp\/v2\/product\/114839","targetHints":{"allow":["GET"]}}],"collection":[{"href":"https:\/\/www.ester-erik.dk\/en\/wp-json\/wp\/v2\/product"}],"about":[{"href":"https:\/\/www.ester-erik.dk\/en\/wp-json\/wp\/v2\/types\/product"}],"wp:featuredmedia":[{"embeddable":true,"href":"https:\/\/www.ester-erik.dk\/en\/wp-json\/wp\/v2\/media\/114882"}],"wp:attachment":[{"href":"https:\/\/www.ester-erik.dk\/en\/wp-json\/wp\/v2\/media?parent=114839"}],"wp:term":[{"taxonomy":"product_brand","embeddable":true,"href":"https:\/\/www.ester-erik.dk\/en\/wp-json\/wp\/v2\/product_brand?post=114839"},{"taxonomy":"product_cat","embeddable":true,"href":"https:\/\/www.ester-erik.dk\/en\/wp-json\/wp\/v2\/product_cat?post=114839"}],"curies":[{"name":"wp","href":"https:\/\/api.w.org\/{rel}","templated":true}]}}